{"id":1953,"date":"2024-08-13T14:51:33","date_gmt":"2024-08-13T14:51:33","guid":{"rendered":"https:\/\/spectre.si\/?page_id=1953"},"modified":"2024-09-17T04:40:32","modified_gmt":"2024-09-17T04:40:32","slug":"piskotki","status":"publish","type":"page","link":"https:\/\/spectre.si\/en\/cookies\/","title":{"rendered":"Politika pi\u0161kotkov"},"content":{"rendered":"<h1 style=\"font-size: 40px;\">USE OF COOKIES<\/h1>\n<p>Our website (www.spectre.si) uses cookies (e-mail messages, advertising and interactive applications to optimize services, etc.). Our cookies are not used to identify you personally. We only use them to make our website work better. By using our website (www.gatex.si), you agree that cookies may be installed on your device. You can change your consent at any time in the cookie settings in the \u201cCOOKIE CONTROL\u201d section, which is always visible in the lower left corner of your screen.<\/p>\n<h4>WHAT ARE COOKIES?<\/h4>\n<p>Cookies are small text files, usually consisting of letters and numbers, which are stored on your device (computer, mobile phone, tablet, etc.) by the visited website in order to recognize these devices.<\/p>\n<h4>WHY DOES OUR WEBSITE USE COOKIES?<\/h4>\n<p>The main purpose of cookies is to enable (our) web server to present customized web pages to the user, which makes the experience of visiting (our) website more personal and more responsive to the individual user\u2019s needs. Cookies make the interaction between the user and the website faster and easier. They help the website remember the user\u2019s preferences and experiences, which saves time on return visits and makes browsing more efficient and enjoyable.<\/p>\n<h4>WHY DOES OUR WEBSITE USE COOKIES?<\/h4>\n<p>Cookies are an important tool for keeping content fresh and relevant to match the interests and preferences of individual web users. The reasons for using cookies can be found in their characteristics, one of them being the storage of data on the status of an individual website. Cookies help with the implementation of various online services (online stores) and help with collecting various statistics, e.g. measuring the frequency of visiting specific pages. With the help of cookies, the website operator can evaluate the design effectiveness of his website, as well as the relevance of the type and number of ads offered to third-party users on his website.<\/p>\n<h4>COOKIE CONTROL or HOW TO ENABLE\/DISABLE COOKIES?<\/h4>\n<p>If you want to change the way cookies are used in your browser, including blocking or deleting them, you can do so by changing your browser settings accordingly.<\/p>","protected":false},"excerpt":{"rendered":"<p>UPORABA PI\u0160KOTKOV Spletna stran www.spectre.si (e-po\u0161tna sporo\u010dila, ogla\u0161evanje in interaktivne  [&#8230;]<\/p>","protected":false},"author":1,"featured_media":1577,"parent":0,"menu_order":0,"comment_status":"closed","ping_status":"closed","template":"100-width.php","meta":{"footnotes":""},"class_list":["post-1953","page","type-page","status-publish","has-post-thumbnail","hentry"],"yoast_head":"<!-- This site is optimized with the Yoast SEO Premium plugin v21.3 (Yoast SEO v25.4) - https:\/\/yoast.com\/wordpress\/plugins\/seo\/ -->\n<title>Politika pi\u0161kotkov | ATG MEDIA | Pregledno in v skladu z GDPR<\/title>\n<meta name=\"description\" content=\"Izvedite, kako ATG MEDIA uporablja pi\u0161kotke za izbolj\u0161anje va\u0161e uporabni\u0161ke izku\u0161nje, zagotavljanje varnosti in analizo prometa.\" \/>\n<meta name=\"robots\" content=\"index, follow, max-snippet:-1, max-image-preview:large, max-video-preview:-1\" \/>\n<link rel=\"canonical\" href=\"https:\/\/spectre.si\/en\/cookies\/\" \/>\n<meta property=\"og:locale\" content=\"en_GB\" \/>\n<meta property=\"og:type\" content=\"article\" \/>\n<meta property=\"og:title\" content=\"Politika pi\u0161kotkov\" \/>\n<meta property=\"og:description\" content=\"Izvedite, kako ATG MEDIA uporablja pi\u0161kotke za izbolj\u0161anje va\u0161e uporabni\u0161ke izku\u0161nje, zagotavljanje varnosti in analizo prometa.\" \/>\n<meta property=\"og:url\" content=\"https:\/\/spectre.si\/en\/cookies\/\" \/>\n<meta property=\"og:site_name\" content=\"Spectre.si\" \/>\n<meta property=\"article:modified_time\" content=\"2024-09-17T04:40:32+00:00\" \/>\n<meta property=\"og:image\" content=\"https:\/\/spectre.si\/wp-content\/uploads\/2024\/07\/spectre-logo_512px.png\" \/>\n\t<meta property=\"og:image:width\" content=\"512\" \/>\n\t<meta property=\"og:image:height\" content=\"512\" \/>\n\t<meta property=\"og:image:type\" content=\"image\/png\" \/>\n<meta name=\"twitter:card\" content=\"summary_large_image\" \/>\n<meta name=\"twitter:label1\" content=\"Estimated reading time\" \/>\n\t<meta name=\"twitter:data1\" content=\"2 minutes\" \/>\n<script type=\"application\/ld+json\" class=\"yoast-schema-graph\">{\"@context\":\"https:\/\/schema.org\",\"@graph\":[{\"@type\":\"WebPage\",\"@id\":\"https:\/\/spectre.si\/piskotki\/\",\"url\":\"https:\/\/spectre.si\/piskotki\/\",\"name\":\"Politika pi\u0161kotkov | ATG MEDIA | Pregledno in v skladu z GDPR\",\"isPartOf\":{\"@id\":\"https:\/\/spectre.si\/#website\"},\"primaryImageOfPage\":{\"@id\":\"https:\/\/spectre.si\/piskotki\/#primaryimage\"},\"image\":{\"@id\":\"https:\/\/spectre.si\/piskotki\/#primaryimage\"},\"thumbnailUrl\":\"https:\/\/spectre.si\/wp-content\/uploads\/2024\/07\/spectre-logo_512px.png\",\"datePublished\":\"2024-08-13T14:51:33+00:00\",\"dateModified\":\"2024-09-17T04:40:32+00:00\",\"description\":\"Izvedite, kako ATG MEDIA uporablja pi\u0161kotke za izbolj\u0161anje va\u0161e uporabni\u0161ke izku\u0161nje, zagotavljanje varnosti in analizo prometa.\",\"breadcrumb\":{\"@id\":\"https:\/\/spectre.si\/piskotki\/#breadcrumb\"},\"inLanguage\":\"en-GB\",\"potentialAction\":[{\"@type\":\"ReadAction\",\"target\":[\"https:\/\/spectre.si\/piskotki\/\"]}]},{\"@type\":\"ImageObject\",\"inLanguage\":\"en-GB\",\"@id\":\"https:\/\/spectre.si\/piskotki\/#primaryimage\",\"url\":\"https:\/\/spectre.si\/wp-content\/uploads\/2024\/07\/spectre-logo_512px.png\",\"contentUrl\":\"https:\/\/spectre.si\/wp-content\/uploads\/2024\/07\/spectre-logo_512px.png\",\"width\":512,\"height\":512},{\"@type\":\"BreadcrumbList\",\"@id\":\"https:\/\/spectre.si\/piskotki\/#breadcrumb\",\"itemListElement\":[{\"@type\":\"ListItem\",\"position\":1,\"name\":\"Home\",\"item\":\"https:\/\/spectre.si\/\"},{\"@type\":\"ListItem\",\"position\":2,\"name\":\"Politika pi\u0161kotkov\"}]},{\"@type\":\"WebSite\",\"@id\":\"https:\/\/spectre.si\/#website\",\"url\":\"https:\/\/spectre.si\/\",\"name\":\"Spectre.si\",\"description\":\"\",\"publisher\":{\"@id\":\"https:\/\/spectre.si\/#organization\"},\"potentialAction\":[{\"@type\":\"SearchAction\",\"target\":{\"@type\":\"EntryPoint\",\"urlTemplate\":\"https:\/\/spectre.si\/?s={search_term_string}\"},\"query-input\":{\"@type\":\"PropertyValueSpecification\",\"valueRequired\":true,\"valueName\":\"search_term_string\"}}],\"inLanguage\":\"en-GB\"},{\"@type\":\"Organization\",\"@id\":\"https:\/\/spectre.si\/#organization\",\"name\":\"ATG Media, Renato Sattler s.p.\",\"url\":\"https:\/\/spectre.si\/\",\"logo\":{\"@type\":\"ImageObject\",\"inLanguage\":\"en-GB\",\"@id\":\"https:\/\/spectre.si\/#\/schema\/logo\/image\/\",\"url\":\"https:\/\/spectre.si\/wp-content\/uploads\/2024\/07\/spectre-logo-04-1.svg\",\"contentUrl\":\"https:\/\/spectre.si\/wp-content\/uploads\/2024\/07\/spectre-logo-04-1.svg\",\"width\":546,\"height\":286,\"caption\":\"ATG Media, Renato Sattler s.p.\"},\"image\":{\"@id\":\"https:\/\/spectre.si\/#\/schema\/logo\/image\/\"},\"sameAs\":[\"https:\/\/www.instagram.com\/spectre.si\/\",\"https:\/\/youtube.com\/@SpectreAgency\"]}]}<\/script>\n<!-- \/ Yoast SEO Premium plugin. -->","yoast_head_json":{"title":"Politika pi\u0161kotkov | ATG MEDIA | Pregledno in v skladu z GDPR","description":"Izvedite, kako ATG MEDIA uporablja pi\u0161kotke za izbolj\u0161anje va\u0161e uporabni\u0161ke izku\u0161nje, zagotavljanje varnosti in analizo prometa.","robots":{"index":"index","follow":"follow","max-snippet":"max-snippet:-1","max-image-preview":"max-image-preview:large","max-video-preview":"max-video-preview:-1"},"canonical":"https:\/\/spectre.si\/en\/cookies\/","og_locale":"en_GB","og_type":"article","og_title":"Politika pi\u0161kotkov","og_description":"Izvedite, kako ATG MEDIA uporablja pi\u0161kotke za izbolj\u0161anje va\u0161e uporabni\u0161ke izku\u0161nje, zagotavljanje varnosti in analizo prometa.","og_url":"https:\/\/spectre.si\/en\/cookies\/","og_site_name":"Spectre.si","article_modified_time":"2024-09-17T04:40:32+00:00","og_image":[{"width":512,"height":512,"url":"https:\/\/spectre.si\/wp-content\/uploads\/2024\/07\/spectre-logo_512px.png","type":"image\/png"}],"twitter_card":"summary_large_image","twitter_misc":{"Estimated reading time":"2 minutes"},"schema":{"@context":"https:\/\/schema.org","@graph":[{"@type":"WebPage","@id":"https:\/\/spectre.si\/piskotki\/","url":"https:\/\/spectre.si\/piskotki\/","name":"Politika pi\u0161kotkov | ATG MEDIA | Pregledno in v skladu z GDPR","isPartOf":{"@id":"https:\/\/spectre.si\/#website"},"primaryImageOfPage":{"@id":"https:\/\/spectre.si\/piskotki\/#primaryimage"},"image":{"@id":"https:\/\/spectre.si\/piskotki\/#primaryimage"},"thumbnailUrl":"https:\/\/spectre.si\/wp-content\/uploads\/2024\/07\/spectre-logo_512px.png","datePublished":"2024-08-13T14:51:33+00:00","dateModified":"2024-09-17T04:40:32+00:00","description":"Izvedite, kako ATG MEDIA uporablja pi\u0161kotke za izbolj\u0161anje va\u0161e uporabni\u0161ke izku\u0161nje, zagotavljanje varnosti in analizo prometa.","breadcrumb":{"@id":"https:\/\/spectre.si\/piskotki\/#breadcrumb"},"inLanguage":"en-GB","potentialAction":[{"@type":"ReadAction","target":["https:\/\/spectre.si\/piskotki\/"]}]},{"@type":"ImageObject","inLanguage":"en-GB","@id":"https:\/\/spectre.si\/piskotki\/#primaryimage","url":"https:\/\/spectre.si\/wp-content\/uploads\/2024\/07\/spectre-logo_512px.png","contentUrl":"https:\/\/spectre.si\/wp-content\/uploads\/2024\/07\/spectre-logo_512px.png","width":512,"height":512},{"@type":"BreadcrumbList","@id":"https:\/\/spectre.si\/piskotki\/#breadcrumb","itemListElement":[{"@type":"ListItem","position":1,"name":"Home","item":"https:\/\/spectre.si\/"},{"@type":"ListItem","position":2,"name":"Politika pi\u0161kotkov"}]},{"@type":"WebSite","@id":"https:\/\/spectre.si\/#website","url":"https:\/\/spectre.si\/","name":"Spectre.si","description":"","publisher":{"@id":"https:\/\/spectre.si\/#organization"},"potentialAction":[{"@type":"SearchAction","target":{"@type":"EntryPoint","urlTemplate":"https:\/\/spectre.si\/?s={search_term_string}"},"query-input":{"@type":"PropertyValueSpecification","valueRequired":true,"valueName":"search_term_string"}}],"inLanguage":"en-GB"},{"@type":"Organization","@id":"https:\/\/spectre.si\/#organization","name":"ATG Media, Renato Sattler s.p.","url":"https:\/\/spectre.si\/","logo":{"@type":"ImageObject","inLanguage":"en-GB","@id":"https:\/\/spectre.si\/#\/schema\/logo\/image\/","url":"https:\/\/spectre.si\/wp-content\/uploads\/2024\/07\/spectre-logo-04-1.svg","contentUrl":"https:\/\/spectre.si\/wp-content\/uploads\/2024\/07\/spectre-logo-04-1.svg","width":546,"height":286,"caption":"ATG Media, Renato Sattler s.p."},"image":{"@id":"https:\/\/spectre.si\/#\/schema\/logo\/image\/"},"sameAs":["https:\/\/www.instagram.com\/spectre.si\/","https:\/\/youtube.com\/@SpectreAgency"]}]}},"_links":{"self":[{"href":"https:\/\/spectre.si\/en\/wp-json\/wp\/v2\/pages\/1953","targetHints":{"allow":["GET"]}}],"collection":[{"href":"https:\/\/spectre.si\/en\/wp-json\/wp\/v2\/pages"}],"about":[{"href":"https:\/\/spectre.si\/en\/wp-json\/wp\/v2\/types\/page"}],"author":[{"embeddable":true,"href":"https:\/\/spectre.si\/en\/wp-json\/wp\/v2\/users\/1"}],"replies":[{"embeddable":true,"href":"https:\/\/spectre.si\/en\/wp-json\/wp\/v2\/comments?post=1953"}],"version-history":[{"count":5,"href":"https:\/\/spectre.si\/en\/wp-json\/wp\/v2\/pages\/1953\/revisions"}],"predecessor-version":[{"id":2050,"href":"https:\/\/spectre.si\/en\/wp-json\/wp\/v2\/pages\/1953\/revisions\/2050"}],"wp:featuredmedia":[{"embeddable":true,"href":"https:\/\/spectre.si\/en\/wp-json\/wp\/v2\/media\/1577"}],"wp:attachment":[{"href":"https:\/\/spectre.si\/en\/wp-json\/wp\/v2\/media?parent=1953"}],"curies":[{"name":"wp","href":"https:\/\/api.w.org\/{rel}","templated":true}]}}