{"id":74,"date":"2024-03-28T23:17:59","date_gmt":"2024-03-28T23:17:59","guid":{"rendered":"https:\/\/spectre.si\/?page_id=74"},"modified":"2025-04-25T07:45:54","modified_gmt":"2025-04-25T07:45:54","slug":"home","status":"publish","type":"page","link":"https:\/\/spectre.si\/en\/","title":{"rendered":"Digital marketing and advertising"},"content":{"rendered":"<p><div class=\"fusion-fullwidth fullwidth-box fusion-builder-row-1 fusion-flex-container video-background has-pattern-background has-mask-background hundred-percent-fullwidth non-hundred-percent-height-scrolling\" style=\"--awb-border-radius-top-left:30px;--awb-border-radius-top-right:30px;--awb-border-radius-bottom-right:30px;--awb-border-radius-bottom-left:30px;--awb-overflow:hidden;--awb-padding-right:0px;--awb-padding-left:0px;--awb-margin-top:10px;--awb-min-height:calc(100vh - 20px);--awb-background-color:var(--awb-color8);--awb-background-image:linear-gradient(110deg, hsla(var(--awb-color8-h),var(--awb-color8-s),var(--awb-color8-l),calc(var(--awb-color8-a) - 80%)) 0%,hsla(var(--awb-color1-h),var(--awb-color1-s),var(--awb-color1-l),calc(var(--awb-color1-a) - 100%)) 64%);--awb-flex-wrap:wrap;--awb-filter:saturate(125%) brightness(95%) contrast(125%);--awb-filter-transition:filter 0.3s ease;--awb-filter-hover:saturate(125%) brightness(95%) contrast(125%);\" ><div class=\"fullwidth-video\"><video preload=\"auto\" autoplay playsinline loop muted><source src=\"https:\/\/spectre.si\/wp-content\/uploads\/2024\/07\/56888-482029921_medium.mp4\" type=\"video\/mp4\"><\/video><\/div><div class=\"fullwidth-overlay\" style=\"background-image: linear-gradient(110deg, hsla(var(--awb-color8-h),var(--awb-color8-s),var(--awb-color8-l),calc(var(--awb-color8-a) - 80%)) 0%,hsla(var(--awb-color1-h),var(--awb-color1-s),var(--awb-color1-l),calc(var(--awb-color1-a) - 100%)) 64%);\"><\/div><div class=\"fusion-builder-row fusion-row fusion-flex-align-items-flex-start fusion-flex-content-wrap\" style=\"width:104% !important;max-width:104% !important;margin-left: calc(-4% \/ 2 );margin-right: calc(-4% \/ 2 );\"><div class=\"fusion-layout-column fusion_builder_column fusion-builder-column-0 fusion_builder_column_1_1 1_1 fusion-flex-column fusion-flex-align-self-stretch glassed\" style=\"--awb-padding-top:5%;--awb-padding-right:5%;--awb-padding-bottom:5%;--awb-padding-left:5%;--awb-bg-blend:overlay;--awb-bg-size:cover;--awb-width-large:100%;--awb-margin-top-large:0px;--awb-spacing-right-large:1.92%;--awb-margin-bottom-large:0px;--awb-spacing-left-large:1.92%;--awb-width-medium:100%;--awb-order-medium:0;--awb-spacing-right-medium:1.92%;--awb-spacing-left-medium:1.92%;--awb-width-small:100%;--awb-order-small:0;--awb-spacing-right-small:1.92%;--awb-spacing-left-small:1.92%;\" data-scroll-devices=\"small-visibility,medium-visibility,large-visibility\"><div class=\"fusion-column-wrapper fusion-column-has-shadow fusion-flex-justify-content-space-between fusion-content-layout-column\"><div class=\"fusion-title title fusion-title-1 fusion-sep-none fusion-title-text fusion-title-size-one fusion-animated\" style=\"--awb-text-color:var(--awb-color1);--awb-margin-bottom:0px;--awb-font-size:8.0rem;\" data-animationtype=\"slideInLeft\" data-animationduration=\"0.3\" data-animationdelay=\"0.5\" data-animationoffset=\"top-into-view\"><h1 class=\"fusion-title-heading title-heading-left fusion-responsive-typography-calculated translation-block\" style=\"font-family:&quot;IBM Plex Sans&quot;;font-style:normal;font-weight:600;margin:0;font-size:1em;letter-spacing:var(--awb-typography1-letter-spacing);text-transform:var(--awb-typography1-text-transform);--fontSize:140;line-height:0.94;\">Struggling to<br>\nget Clients?<\/h1><\/div><div class=\"fusion-builder-row fusion-builder-row-inner fusion-row fusion-flex-align-items-flex-start fusion-flex-content-wrap\" style=\"width:104% !important;max-width:104% !important;margin-left: calc(-4% \/ 2 );margin-right: calc(-4% \/ 2 );\"><div class=\"fusion-layout-column fusion_builder_column_inner fusion-builder-nested-column-0 fusion-flex-column\" style=\"--awb-bg-size:cover;--awb-width-large:55%;--awb-margin-top-large:0px;--awb-spacing-right-large:3.4909090909091%;--awb-margin-bottom-large:48px;--awb-spacing-left-large:3.4909090909091%;--awb-width-medium:55%;--awb-order-medium:0;--awb-spacing-right-medium:3.4909090909091%;--awb-spacing-left-medium:3.4909090909091%;--awb-width-small:100%;--awb-order-small:0;--awb-spacing-right-small:1.92%;--awb-spacing-left-small:1.92%;\" data-scroll-devices=\"small-visibility,medium-visibility,large-visibility\"><div class=\"fusion-column-wrapper fusion-column-has-shadow fusion-flex-justify-content-flex-start fusion-content-layout-column\"><div class=\"fusion-title title fusion-title-2 fusion-sep-none fusion-title-text fusion-title-size-two fusion-animated\" style=\"--awb-text-color:var(--awb-color1);--awb-margin-bottom:0px;--awb-font-size:48px;\" data-animationtype=\"slideInLeft\" data-animationduration=\"0.3\" data-animationdelay=\"0.5\" data-animationoffset=\"top-into-view\"><h2 class=\"fusion-title-heading title-heading-left fusion-responsive-typography-calculated translation-block\" style=\"font-family:var(--awb-typography2-font-family);font-weight:var(--awb-typography2-font-weight);font-style:var(--awb-typography2-font-style);margin:0;font-size:1em;letter-spacing:-0.01em;text-transform:var(--awb-typography2-text-transform);--fontSize:48;line-height:1.06;\">Make customer acquisition as easy as a walk in the park.\nDigital marketing experts focused on results, not empty promises.<\/h2><\/div><\/div><\/div><div class=\"fusion-layout-column fusion_builder_column_inner fusion-builder-nested-column-1 fusion_builder_column_inner_1_1 1_1 fusion-flex-column\" style=\"--awb-bg-size:cover;--awb-width-large:100%;--awb-margin-top-large:0px;--awb-spacing-right-large:1.92%;--awb-margin-bottom-large:0px;--awb-spacing-left-large:1.92%;--awb-width-medium:100%;--awb-order-medium:0;--awb-spacing-right-medium:1.92%;--awb-spacing-left-medium:1.92%;--awb-width-small:100%;--awb-order-small:0;--awb-spacing-right-small:1.92%;--awb-spacing-left-small:1.92%;\"><div class=\"fusion-column-wrapper fusion-column-has-shadow fusion-flex-justify-content-flex-start fusion-content-layout-row fusion-flex-align-items-center\"><div ><a class=\"fusion-button button-flat fusion-button-default-size button-custom fusion-button-default button-1 fusion-button-default-span fusion-button-default-type fusion-animated\" style=\"--button_accent_color:var(--awb-color8);--button_border_color:var(--awb-color8);--button_accent_hover_color:var(--awb-color1);--button_border_hover_color:var(--awb-color1);--button_gradient_top_color:var(--awb-color5);--button_gradient_bottom_color:var(--awb-color5);--button_gradient_top_color_hover:var(--awb-color8);--button_gradient_bottom_color_hover:var(--awb-color8);--button_text_transform:var(--awb-custom_typography_2-text-transform);--button_font_size:var(--awb-custom_typography_2-font-size);--button_line_height:var(--awb-custom_typography_2-line-height);--button_typography-font-family:var(--awb-typography1-font-family);--button_typography-font-weight:var(--awb-typography1-font-weight);--button_typography-font-style:var(--awb-typography1-font-style);\" data-animationtype=\"slideInUp\" data-animationduration=\"0.3\" data-animationdelay=\"0.5\" data-animationoffset=\"top-into-view\" target=\"_self\" title=\"Predvajaj\" aria-label=\"Predvajaj\" href=\"#awb-open-oc__1782\"><i class=\"fa-play-circle fas awb-button__icon awb-button__icon--default button-icon-left\" aria-hidden=\"true\"><\/i><span class=\"fusion-button-text awb-button__text awb-button__text--default\">Book your Free Consultation<\/span><\/a><\/div><div class=\"fusion-title title fusion-title-3 fusion-sep-none fusion-title-text fusion-title-size-div fusion-animated\" style=\"--awb-text-color:var(--awb-color1);--awb-margin-top:20px;--awb-margin-bottom:0px;--awb-margin-left:60px;--awb-font-size:25px;\" data-animationtype=\"slideInUp\" data-animationduration=\"0.3\" data-animationdelay=\"0.5\" data-animationoffset=\"top-into-view\"><div class=\"fusion-title-heading title-heading-left title-heading-tag fusion-responsive-typography-calculated\" style=\"margin:0;font-size:1em;letter-spacing:var(--awb-custom_typography_2-letter-spacing);text-transform:var(--awb-custom_typography_2-text-transform);--fontSize:25;line-height:1.38;\"><p>Advantages:<\/p>\n<ul>\n<li><span style=\"font-weight: 400;\">\u20ac2.1 million in managed ad spend - across Meta and Google platforms<\/span><\/li>\n<li>350+ successfully in managed campaigns - In 8 countries.<\/li>\n<\/ul><\/div><\/div><\/div><\/div><\/div><\/div><\/div><\/div><\/div><\/p>","protected":false},"excerpt":{"rendered":"","protected":false},"author":1,"featured_media":1577,"parent":0,"menu_order":0,"comment_status":"closed","ping_status":"closed","template":"100-width.php","meta":{"footnotes":""},"class_list":["post-74","page","type-page","status-publish","has-post-thumbnail","hentry"],"yoast_head":"<!-- This site is optimized with the Yoast SEO Premium plugin v21.3 (Yoast SEO v25.4) - https:\/\/yoast.com\/wordpress\/plugins\/seo\/ -->\n<title>Digitalni marketing in ogla\u0161evanje - Spectre.si<\/title>\n<meta name=\"description\" content=\"Spectre.si zdru\u017euje kreativnost in analitiko v digitalnem marketingu. Pove\u010dajte prepoznavnost blagovne znamke in dosezite poslovne cilje.\" \/>\n<meta name=\"robots\" content=\"index, follow, max-snippet:-1, max-image-preview:large, max-video-preview:-1\" \/>\n<link rel=\"canonical\" href=\"https:\/\/spectre.si\/en\/\" \/>\n<meta property=\"og:locale\" content=\"en_GB\" \/>\n<meta property=\"og:type\" content=\"article\" \/>\n<meta property=\"og:title\" content=\"Digitalni marketing in ogla\u0161evanje\" \/>\n<meta property=\"og:description\" content=\"Spectre.si zdru\u017euje kreativnost in analitiko v digitalnem marketingu. Pove\u010dajte prepoznavnost blagovne znamke in dosezite poslovne cilje.\" \/>\n<meta property=\"og:url\" content=\"https:\/\/spectre.si\/en\/\" \/>\n<meta property=\"og:site_name\" content=\"Spectre.si\" \/>\n<meta property=\"article:modified_time\" content=\"2025-04-25T07:45:54+00:00\" \/>\n<meta property=\"og:image\" content=\"https:\/\/spectre.si\/wp-content\/uploads\/2024\/07\/spectre-logo_512px.png\" \/>\n\t<meta property=\"og:image:width\" content=\"512\" \/>\n\t<meta property=\"og:image:height\" content=\"512\" \/>\n\t<meta property=\"og:image:type\" content=\"image\/png\" \/>\n<meta name=\"twitter:card\" content=\"summary_large_image\" \/>\n<meta name=\"twitter:label1\" content=\"Estimated reading time\" \/>\n\t<meta name=\"twitter:data1\" content=\"1 minute\" \/>\n<script type=\"application\/ld+json\" class=\"yoast-schema-graph\">{\"@context\":\"https:\/\/schema.org\",\"@graph\":[{\"@type\":\"WebPage\",\"@id\":\"https:\/\/spectre.si\/\",\"url\":\"https:\/\/spectre.si\/\",\"name\":\"Digitalni marketing in ogla\u0161evanje - Spectre.si\",\"isPartOf\":{\"@id\":\"https:\/\/spectre.si\/#website\"},\"primaryImageOfPage\":{\"@id\":\"https:\/\/spectre.si\/#primaryimage\"},\"image\":{\"@id\":\"https:\/\/spectre.si\/#primaryimage\"},\"thumbnailUrl\":\"https:\/\/spectre.si\/wp-content\/uploads\/2024\/07\/spectre-logo_512px.png\",\"datePublished\":\"2024-03-28T23:17:59+00:00\",\"dateModified\":\"2025-04-25T07:45:54+00:00\",\"description\":\"Spectre.si zdru\u017euje kreativnost in analitiko v digitalnem marketingu. Pove\u010dajte prepoznavnost blagovne znamke in dosezite poslovne cilje.\",\"breadcrumb\":{\"@id\":\"https:\/\/spectre.si\/#breadcrumb\"},\"inLanguage\":\"en-GB\",\"potentialAction\":[{\"@type\":\"ReadAction\",\"target\":[\"https:\/\/spectre.si\/\"]}]},{\"@type\":\"ImageObject\",\"inLanguage\":\"en-GB\",\"@id\":\"https:\/\/spectre.si\/#primaryimage\",\"url\":\"https:\/\/spectre.si\/wp-content\/uploads\/2024\/07\/spectre-logo_512px.png\",\"contentUrl\":\"https:\/\/spectre.si\/wp-content\/uploads\/2024\/07\/spectre-logo_512px.png\",\"width\":512,\"height\":512},{\"@type\":\"BreadcrumbList\",\"@id\":\"https:\/\/spectre.si\/#breadcrumb\",\"itemListElement\":[{\"@type\":\"ListItem\",\"position\":1,\"name\":\"Home\",\"item\":\"https:\/\/spectre.si\/\"},{\"@type\":\"ListItem\",\"position\":2,\"name\":\"Digitalni marketing in ogla\u0161evanje\"}]},{\"@type\":\"WebSite\",\"@id\":\"https:\/\/spectre.si\/#website\",\"url\":\"https:\/\/spectre.si\/\",\"name\":\"Spectre.si\",\"description\":\"\",\"publisher\":{\"@id\":\"https:\/\/spectre.si\/#organization\"},\"potentialAction\":[{\"@type\":\"SearchAction\",\"target\":{\"@type\":\"EntryPoint\",\"urlTemplate\":\"https:\/\/spectre.si\/?s={search_term_string}\"},\"query-input\":{\"@type\":\"PropertyValueSpecification\",\"valueRequired\":true,\"valueName\":\"search_term_string\"}}],\"inLanguage\":\"en-GB\"},{\"@type\":\"Organization\",\"@id\":\"https:\/\/spectre.si\/#organization\",\"name\":\"ATG Media, Renato Sattler s.p.\",\"url\":\"https:\/\/spectre.si\/\",\"logo\":{\"@type\":\"ImageObject\",\"inLanguage\":\"en-GB\",\"@id\":\"https:\/\/spectre.si\/#\/schema\/logo\/image\/\",\"url\":\"https:\/\/spectre.si\/wp-content\/uploads\/2024\/07\/spectre-logo-04-1.svg\",\"contentUrl\":\"https:\/\/spectre.si\/wp-content\/uploads\/2024\/07\/spectre-logo-04-1.svg\",\"width\":546,\"height\":286,\"caption\":\"ATG Media, Renato Sattler s.p.\"},\"image\":{\"@id\":\"https:\/\/spectre.si\/#\/schema\/logo\/image\/\"},\"sameAs\":[\"https:\/\/www.instagram.com\/spectre.si\/\",\"https:\/\/youtube.com\/@SpectreAgency\"]}]}<\/script>\n<!-- \/ Yoast SEO Premium plugin. -->","yoast_head_json":{"title":"Digitalni marketing in ogla\u0161evanje - Spectre.si","description":"Spectre.si zdru\u017euje kreativnost in analitiko v digitalnem marketingu. Pove\u010dajte prepoznavnost blagovne znamke in dosezite poslovne cilje.","robots":{"index":"index","follow":"follow","max-snippet":"max-snippet:-1","max-image-preview":"max-image-preview:large","max-video-preview":"max-video-preview:-1"},"canonical":"https:\/\/spectre.si\/en\/","og_locale":"en_GB","og_type":"article","og_title":"Digitalni marketing in ogla\u0161evanje","og_description":"Spectre.si zdru\u017euje kreativnost in analitiko v digitalnem marketingu. Pove\u010dajte prepoznavnost blagovne znamke in dosezite poslovne cilje.","og_url":"https:\/\/spectre.si\/en\/","og_site_name":"Spectre.si","article_modified_time":"2025-04-25T07:45:54+00:00","og_image":[{"width":512,"height":512,"url":"https:\/\/spectre.si\/wp-content\/uploads\/2024\/07\/spectre-logo_512px.png","type":"image\/png"}],"twitter_card":"summary_large_image","twitter_misc":{"Estimated reading time":"1 minute"},"schema":{"@context":"https:\/\/schema.org","@graph":[{"@type":"WebPage","@id":"https:\/\/spectre.si\/","url":"https:\/\/spectre.si\/","name":"Digitalni marketing in ogla\u0161evanje - Spectre.si","isPartOf":{"@id":"https:\/\/spectre.si\/#website"},"primaryImageOfPage":{"@id":"https:\/\/spectre.si\/#primaryimage"},"image":{"@id":"https:\/\/spectre.si\/#primaryimage"},"thumbnailUrl":"https:\/\/spectre.si\/wp-content\/uploads\/2024\/07\/spectre-logo_512px.png","datePublished":"2024-03-28T23:17:59+00:00","dateModified":"2025-04-25T07:45:54+00:00","description":"Spectre.si zdru\u017euje kreativnost in analitiko v digitalnem marketingu. Pove\u010dajte prepoznavnost blagovne znamke in dosezite poslovne cilje.","breadcrumb":{"@id":"https:\/\/spectre.si\/#breadcrumb"},"inLanguage":"en-GB","potentialAction":[{"@type":"ReadAction","target":["https:\/\/spectre.si\/"]}]},{"@type":"ImageObject","inLanguage":"en-GB","@id":"https:\/\/spectre.si\/#primaryimage","url":"https:\/\/spectre.si\/wp-content\/uploads\/2024\/07\/spectre-logo_512px.png","contentUrl":"https:\/\/spectre.si\/wp-content\/uploads\/2024\/07\/spectre-logo_512px.png","width":512,"height":512},{"@type":"BreadcrumbList","@id":"https:\/\/spectre.si\/#breadcrumb","itemListElement":[{"@type":"ListItem","position":1,"name":"Home","item":"https:\/\/spectre.si\/"},{"@type":"ListItem","position":2,"name":"Digitalni marketing in ogla\u0161evanje"}]},{"@type":"WebSite","@id":"https:\/\/spectre.si\/#website","url":"https:\/\/spectre.si\/","name":"Spectre.si","description":"","publisher":{"@id":"https:\/\/spectre.si\/#organization"},"potentialAction":[{"@type":"SearchAction","target":{"@type":"EntryPoint","urlTemplate":"https:\/\/spectre.si\/?s={search_term_string}"},"query-input":{"@type":"PropertyValueSpecification","valueRequired":true,"valueName":"search_term_string"}}],"inLanguage":"en-GB"},{"@type":"Organization","@id":"https:\/\/spectre.si\/#organization","name":"ATG Media, Renato Sattler s.p.","url":"https:\/\/spectre.si\/","logo":{"@type":"ImageObject","inLanguage":"en-GB","@id":"https:\/\/spectre.si\/#\/schema\/logo\/image\/","url":"https:\/\/spectre.si\/wp-content\/uploads\/2024\/07\/spectre-logo-04-1.svg","contentUrl":"https:\/\/spectre.si\/wp-content\/uploads\/2024\/07\/spectre-logo-04-1.svg","width":546,"height":286,"caption":"ATG Media, Renato Sattler s.p."},"image":{"@id":"https:\/\/spectre.si\/#\/schema\/logo\/image\/"},"sameAs":["https:\/\/www.instagram.com\/spectre.si\/","https:\/\/youtube.com\/@SpectreAgency"]}]}},"_links":{"self":[{"href":"https:\/\/spectre.si\/en\/wp-json\/wp\/v2\/pages\/74","targetHints":{"allow":["GET"]}}],"collection":[{"href":"https:\/\/spectre.si\/en\/wp-json\/wp\/v2\/pages"}],"about":[{"href":"https:\/\/spectre.si\/en\/wp-json\/wp\/v2\/types\/page"}],"author":[{"embeddable":true,"href":"https:\/\/spectre.si\/en\/wp-json\/wp\/v2\/users\/1"}],"replies":[{"embeddable":true,"href":"https:\/\/spectre.si\/en\/wp-json\/wp\/v2\/comments?post=74"}],"version-history":[{"count":77,"href":"https:\/\/spectre.si\/en\/wp-json\/wp\/v2\/pages\/74\/revisions"}],"predecessor-version":[{"id":2082,"href":"https:\/\/spectre.si\/en\/wp-json\/wp\/v2\/pages\/74\/revisions\/2082"}],"wp:featuredmedia":[{"embeddable":true,"href":"https:\/\/spectre.si\/en\/wp-json\/wp\/v2\/media\/1577"}],"wp:attachment":[{"href":"https:\/\/spectre.si\/en\/wp-json\/wp\/v2\/media?parent=74"}],"curies":[{"name":"wp","href":"https:\/\/api.w.org\/{rel}","templated":true}]}}